{"id":17,"date":"2025-11-03T11:30:57","date_gmt":"2025-11-03T11:30:57","guid":{"rendered":"https:\/\/azorgrocery.frownworks.com\/?page_id=17"},"modified":"2025-11-06T12:58:44","modified_gmt":"2025-11-06T12:58:44","slug":"produtos","status":"publish","type":"page","link":"https:\/\/azorgrocery.frownworks.com\/en\/produtos\/","title":{"rendered":"Products"},"content":{"rendered":"<div data-elementor-type=\"wp-page\" data-elementor-id=\"17\" class=\"elementor elementor-17\" data-elementor-post-type=\"page\">\n\t\t\t\t<div class=\"elementor-element elementor-element-567a04c e-flex e-con-boxed e-con e-parent\" data-id=\"567a04c\" data-element_type=\"container\" data-settings=\"{&quot;background_background&quot;:&quot;classic&quot;}\">\n\t\t\t\t\t<div class=\"e-con-inner\">\n\t\t\t\t<div class=\"elementor-element elementor-element-3e6fd34 elementor-widget elementor-widget-heading\" data-id=\"3e6fd34\" data-element_type=\"widget\" data-widget_type=\"heading.default\">\n\t\t\t\t\t<h2 class=\"elementor-heading-title elementor-size-default\">Products<\/h2>\t\t\t\t<\/div>\n\t\t\t\t\t<\/div>\n\t\t\t\t<\/div>\n\t\t<div class=\"elementor-element elementor-element-5de6a31 e-con-full e-flex e-con e-parent\" data-id=\"5de6a31\" data-element_type=\"container\">\n\t\t\t\t<div class=\"elementor-element elementor-element-59aeeb0 e-transform elementor-widget elementor-widget-image\" data-id=\"59aeeb0\" data-element_type=\"widget\" data-settings=\"{&quot;_transform_translateY_effect&quot;:{&quot;unit&quot;:&quot;%&quot;,&quot;size&quot;:-50,&quot;sizes&quot;:[]},&quot;_transform_translateY_effect_tablet&quot;:{&quot;unit&quot;:&quot;%&quot;,&quot;size&quot;:&quot;&quot;,&quot;sizes&quot;:[]},&quot;_transform_translateY_effect_mobile&quot;:{&quot;unit&quot;:&quot;%&quot;,&quot;size&quot;:&quot;&quot;,&quot;sizes&quot;:[]},&quot;_transform_translateX_effect&quot;:{&quot;unit&quot;:&quot;px&quot;,&quot;size&quot;:&quot;&quot;,&quot;sizes&quot;:[]},&quot;_transform_translateX_effect_tablet&quot;:{&quot;unit&quot;:&quot;px&quot;,&quot;size&quot;:&quot;&quot;,&quot;sizes&quot;:[]},&quot;_transform_translateX_effect_mobile&quot;:{&quot;unit&quot;:&quot;px&quot;,&quot;size&quot;:&quot;&quot;,&quot;sizes&quot;:[]}}\" data-widget_type=\"image.default\">\n\t\t\t\t\t\t\t\t\t\t\t\t\t\t\t<img fetchpriority=\"high\" decoding=\"async\" width=\"1440\" height=\"379\" src=\"https:\/\/azorgrocery.frownworks.com\/wp-content\/uploads\/2025\/11\/Clip-path-group-1.svg\" class=\"attachment-full size-full wp-image-68\" alt=\"\" \/>\t\t\t\t\t\t\t\t\t\t\t\t\t\t\t<\/div>\n\t\t\t\t<\/div>\n\t\t<div class=\"elementor-element elementor-element-469d603 e-flex e-con-boxed elementor-invisible e-con e-parent\" data-id=\"469d603\" data-element_type=\"container\" id=\"regionais\" data-settings=\"{&quot;animation&quot;:&quot;fadeInRight&quot;}\">\n\t\t\t\t\t<div class=\"e-con-inner\">\n\t\t<div class=\"elementor-element elementor-element-e91fd55 e-con-full e-flex e-con e-child\" data-id=\"e91fd55\" data-element_type=\"container\">\n\t\t\t\t<div class=\"elementor-element elementor-element-123a8f7 elementor-widget elementor-widget-image\" data-id=\"123a8f7\" data-element_type=\"widget\" data-widget_type=\"image.default\">\n\t\t\t\t\t\t\t\t\t\t\t\t\t\t\t<img decoding=\"async\" width=\"1500\" height=\"1000\" src=\"https:\/\/azorgrocery.frownworks.com\/wp-content\/uploads\/2025\/11\/1683-rotated.jpg\" class=\"attachment-full size-full wp-image-245\" alt=\"\" srcset=\"https:\/\/azorgrocery.frownworks.com\/wp-content\/uploads\/2025\/11\/1683-rotated.jpg 1500w, https:\/\/azorgrocery.frownworks.com\/wp-content\/uploads\/2025\/11\/1683-300x200.jpg 300w, https:\/\/azorgrocery.frownworks.com\/wp-content\/uploads\/2025\/11\/1683-1024x683.jpg 1024w, https:\/\/azorgrocery.frownworks.com\/wp-content\/uploads\/2025\/11\/1683-768x512.jpg 768w\" sizes=\"(max-width: 1500px) 100vw, 1500px\" \/>\t\t\t\t\t\t\t\t\t\t\t\t\t\t\t<\/div>\n\t\t\t\t<\/div>\n\t\t<div class=\"elementor-element elementor-element-735f171 e-con-full e-flex e-con e-child\" data-id=\"735f171\" data-element_type=\"container\">\n\t\t\t\t<div class=\"elementor-element elementor-element-644ae60 elementor-widget elementor-widget-heading\" data-id=\"644ae60\" data-element_type=\"widget\" data-widget_type=\"heading.default\">\n\t\t\t\t\t<h2 class=\"elementor-heading-title elementor-size-default\">Regional Products<\/h2>\t\t\t\t<\/div>\n\t\t\t\t<div class=\"elementor-element elementor-element-6bc8344 elementor-widget elementor-widget-text-editor\" data-id=\"6bc8344\" data-element_type=\"widget\" data-widget_type=\"text-editor.default\">\n\t\t\t\t\t\t\t\t\t<p>Curated selection of \"Made in the Azores\" products with guaranteed origin: PDO cheeses, canned tuna, artisanal jams, traditional biscuits, and fortified wines. We select local producers based on criteria of quality, freshness, and authenticity\u2014so you can take the true taste of the islands with you.<\/p>\t\t\t\t\t\t\t\t<\/div>\n\t\t\t\t<div class=\"elementor-element elementor-element-ede8037 elementor-widget elementor-widget-button\" data-id=\"ede8037\" data-element_type=\"widget\" data-widget_type=\"button.default\">\n\t\t\t\t\t\t\t\t\t\t<a class=\"elementor-button elementor-button-link elementor-size-sm\" href=\"\/en\/contactos\/\">\n\t\t\t\t\t\t<span class=\"elementor-button-content-wrapper\">\n\t\t\t\t\t\t\t\t\t<span class=\"elementor-button-text\">Contact us<\/span>\n\t\t\t\t\t<\/span>\n\t\t\t\t\t<\/a>\n\t\t\t\t\t\t\t\t<\/div>\n\t\t\t\t<\/div>\n\t\t\t\t\t<\/div>\n\t\t\t\t<\/div>\n\t\t<div class=\"elementor-element elementor-element-8e36389 e-flex e-con-boxed elementor-invisible e-con e-parent\" data-id=\"8e36389\" data-element_type=\"container\" id=\"garrafeira\" data-settings=\"{&quot;animation&quot;:&quot;fadeInLeft&quot;}\">\n\t\t\t\t\t<div class=\"e-con-inner\">\n\t\t<div class=\"elementor-element elementor-element-43c02db e-con-full e-flex e-con e-child\" data-id=\"43c02db\" data-element_type=\"container\">\n\t\t\t\t<div class=\"elementor-element elementor-element-2a3d03b elementor-widget elementor-widget-heading\" data-id=\"2a3d03b\" data-element_type=\"widget\" data-widget_type=\"heading.default\">\n\t\t\t\t\t<h2 class=\"elementor-heading-title elementor-size-default\">Wine cellar<\/h2>\t\t\t\t<\/div>\n\t\t\t\t<div class=\"elementor-element elementor-element-346a1e0 elementor-widget elementor-widget-text-editor\" data-id=\"346a1e0\" data-element_type=\"widget\" data-widget_type=\"text-editor.default\">\n\t\t\t\t\t\t\t\t\t<p>A carefully curated selection of wines from the Azores and Portugal, including sparkling, fortified, and spirited wines, with options for enjoying on-the-spot toasts or as gifts. The selection focuses on simple pairings (cheeses, preserves, regional sweets) and highlights seasonal labels\u2014quality, origin, and responsible service.<\/p>\t\t\t\t\t\t\t\t<\/div>\n\t\t\t\t<div class=\"elementor-element elementor-element-7b82e43 elementor-widget elementor-widget-button\" data-id=\"7b82e43\" data-element_type=\"widget\" data-widget_type=\"button.default\">\n\t\t\t\t\t\t\t\t\t\t<a class=\"elementor-button elementor-button-link elementor-size-sm\" href=\"\/en\/contactos\/\">\n\t\t\t\t\t\t<span class=\"elementor-button-content-wrapper\">\n\t\t\t\t\t\t\t\t\t<span class=\"elementor-button-text\">Contact us<\/span>\n\t\t\t\t\t<\/span>\n\t\t\t\t\t<\/a>\n\t\t\t\t\t\t\t\t<\/div>\n\t\t\t\t<\/div>\n\t\t<div class=\"elementor-element elementor-element-2d197e1 e-con-full e-flex e-con e-child\" data-id=\"2d197e1\" data-element_type=\"container\">\n\t\t\t\t<div class=\"elementor-element elementor-element-b635842 elementor-widget elementor-widget-image\" data-id=\"b635842\" data-element_type=\"widget\" data-widget_type=\"image.default\">\n\t\t\t\t\t\t\t\t\t\t\t\t\t\t\t<img decoding=\"async\" width=\"1500\" height=\"1000\" src=\"https:\/\/azorgrocery.frownworks.com\/wp-content\/uploads\/2025\/11\/17445.jpg\" class=\"attachment-full size-full wp-image-246\" alt=\"\" srcset=\"https:\/\/azorgrocery.frownworks.com\/wp-content\/uploads\/2025\/11\/17445.jpg 1500w, https:\/\/azorgrocery.frownworks.com\/wp-content\/uploads\/2025\/11\/17445-300x200.jpg 300w, https:\/\/azorgrocery.frownworks.com\/wp-content\/uploads\/2025\/11\/17445-1024x683.jpg 1024w, https:\/\/azorgrocery.frownworks.com\/wp-content\/uploads\/2025\/11\/17445-768x512.jpg 768w\" sizes=\"(max-width: 1500px) 100vw, 1500px\" \/>\t\t\t\t\t\t\t\t\t\t\t\t\t\t\t<\/div>\n\t\t\t\t<\/div>\n\t\t\t\t\t<\/div>\n\t\t\t\t<\/div>\n\t\t<div class=\"elementor-element elementor-element-06c834a e-flex e-con-boxed elementor-invisible e-con e-parent\" data-id=\"06c834a\" data-element_type=\"container\" id=\"frescos\" data-settings=\"{&quot;animation&quot;:&quot;fadeInRight&quot;}\">\n\t\t\t\t\t<div class=\"e-con-inner\">\n\t\t<div class=\"elementor-element elementor-element-e593c25 e-con-full e-flex e-con e-child\" data-id=\"e593c25\" data-element_type=\"container\">\n\t\t\t\t<div class=\"elementor-element elementor-element-292e6d9 elementor-widget elementor-widget-image\" data-id=\"292e6d9\" data-element_type=\"widget\" data-widget_type=\"image.default\">\n\t\t\t\t\t\t\t\t\t\t\t\t\t\t\t<img loading=\"lazy\" decoding=\"async\" width=\"1500\" height=\"844\" src=\"https:\/\/azorgrocery.frownworks.com\/wp-content\/uploads\/2025\/11\/2148601679.jpg\" class=\"attachment-full size-full wp-image-248\" alt=\"\" srcset=\"https:\/\/azorgrocery.frownworks.com\/wp-content\/uploads\/2025\/11\/2148601679.jpg 1500w, https:\/\/azorgrocery.frownworks.com\/wp-content\/uploads\/2025\/11\/2148601679-300x169.jpg 300w, https:\/\/azorgrocery.frownworks.com\/wp-content\/uploads\/2025\/11\/2148601679-1024x576.jpg 1024w, https:\/\/azorgrocery.frownworks.com\/wp-content\/uploads\/2025\/11\/2148601679-768x432.jpg 768w\" sizes=\"(max-width: 1500px) 100vw, 1500px\" \/>\t\t\t\t\t\t\t\t\t\t\t\t\t\t\t<\/div>\n\t\t\t\t<\/div>\n\t\t<div class=\"elementor-element elementor-element-3fd753e e-con-full e-flex e-con e-child\" data-id=\"3fd753e\" data-element_type=\"container\">\n\t\t\t\t<div class=\"elementor-element elementor-element-c2f2afa elementor-widget elementor-widget-heading\" data-id=\"c2f2afa\" data-element_type=\"widget\" data-widget_type=\"heading.default\">\n\t\t\t\t\t<h2 class=\"elementor-heading-title elementor-size-default\">Dairy &amp; Fresh Products<\/h2>\t\t\t\t<\/div>\n\t\t\t\t<div class=\"elementor-element elementor-element-8ad42ce elementor-widget elementor-widget-text-editor\" data-id=\"8ad42ce\" data-element_type=\"widget\" data-widget_type=\"text-editor.default\">\n\t\t\t\t\t\t\t\t\t<p class=\"translation-block\">Daily selection of <strong data-start=\"45\" data-end=\"86\">milk, yogurt, butter and cheese<\/strong>, complemented by <strong data-start=\"106\" data-end=\"131\">fruit, vegetables and eggs<\/strong> with guaranteed freshness. Priority to cold chain, clear labeling and controlled origin \u2014 for quick decisions and healthier choices.<\/p>\t\t\t\t\t\t\t\t<\/div>\n\t\t\t\t<div class=\"elementor-element elementor-element-970937e elementor-widget elementor-widget-button\" data-id=\"970937e\" data-element_type=\"widget\" data-widget_type=\"button.default\">\n\t\t\t\t\t\t\t\t\t\t<a class=\"elementor-button elementor-button-link elementor-size-sm\" href=\"\/en\/contactos\/\">\n\t\t\t\t\t\t<span class=\"elementor-button-content-wrapper\">\n\t\t\t\t\t\t\t\t\t<span class=\"elementor-button-text\">Contact us<\/span>\n\t\t\t\t\t<\/span>\n\t\t\t\t\t<\/a>\n\t\t\t\t\t\t\t\t<\/div>\n\t\t\t\t<\/div>\n\t\t\t\t\t<\/div>\n\t\t\t\t<\/div>\n\t\t<div class=\"elementor-element elementor-element-dd5064a saude e-flex e-con-boxed elementor-invisible e-con e-parent\" data-id=\"dd5064a\" data-element_type=\"container\" data-settings=\"{&quot;animation&quot;:&quot;fadeInLeft&quot;}\">\n\t\t\t\t\t<div class=\"e-con-inner\">\n\t\t<div class=\"elementor-element elementor-element-5908d2c e-con-full e-flex e-con e-child\" data-id=\"5908d2c\" data-element_type=\"container\">\n\t\t\t\t<div class=\"elementor-element elementor-element-817a6c0 elementor-widget elementor-widget-heading\" data-id=\"817a6c0\" data-element_type=\"widget\" data-widget_type=\"heading.default\">\n\t\t\t\t\t<h2 class=\"elementor-heading-title elementor-size-default\">Health &amp; Wellness<\/h2>\t\t\t\t<\/div>\n\t\t\t\t<div class=\"elementor-element elementor-element-b8ce82c elementor-widget elementor-widget-text-editor\" data-id=\"b8ce82c\" data-element_type=\"widget\" data-widget_type=\"text-editor.default\">\n\t\t\t\t\t\t\t\t\t<p>Essential daily care and first aid supplies: basic pain relievers, vitamins, bandages, sunscreen, and insect repellent. A practical and safe selection for everyday use and for travelers, with clear label information.<\/p>\t\t\t\t\t\t\t\t<\/div>\n\t\t\t\t<div class=\"elementor-element elementor-element-a1fba59 elementor-widget elementor-widget-button\" data-id=\"a1fba59\" data-element_type=\"widget\" data-widget_type=\"button.default\">\n\t\t\t\t\t\t\t\t\t\t<a class=\"elementor-button elementor-button-link elementor-size-sm\" href=\"\/en\/contactos\/\">\n\t\t\t\t\t\t<span class=\"elementor-button-content-wrapper\">\n\t\t\t\t\t\t\t\t\t<span class=\"elementor-button-text\">Contact us<\/span>\n\t\t\t\t\t<\/span>\n\t\t\t\t\t<\/a>\n\t\t\t\t\t\t\t\t<\/div>\n\t\t\t\t<\/div>\n\t\t<div class=\"elementor-element elementor-element-c38c65f e-con-full e-flex e-con e-child\" data-id=\"c38c65f\" data-element_type=\"container\">\n\t\t\t\t<div class=\"elementor-element elementor-element-0a87b8e elementor-widget elementor-widget-image\" data-id=\"0a87b8e\" data-element_type=\"widget\" data-widget_type=\"image.default\">\n\t\t\t\t\t\t\t\t\t\t\t\t\t\t\t<img loading=\"lazy\" decoding=\"async\" width=\"1500\" height=\"841\" src=\"https:\/\/azorgrocery.frownworks.com\/wp-content\/uploads\/2025\/11\/768230.jpg\" class=\"attachment-full size-full wp-image-247\" alt=\"\" srcset=\"https:\/\/azorgrocery.frownworks.com\/wp-content\/uploads\/2025\/11\/768230.jpg 1500w, https:\/\/azorgrocery.frownworks.com\/wp-content\/uploads\/2025\/11\/768230-300x168.jpg 300w, https:\/\/azorgrocery.frownworks.com\/wp-content\/uploads\/2025\/11\/768230-1024x574.jpg 1024w, https:\/\/azorgrocery.frownworks.com\/wp-content\/uploads\/2025\/11\/768230-768x431.jpg 768w\" sizes=\"(max-width: 1500px) 100vw, 1500px\" \/>\t\t\t\t\t\t\t\t\t\t\t\t\t\t\t<\/div>\n\t\t\t\t<\/div>\n\t\t\t\t\t<\/div>\n\t\t\t\t<\/div>\n\t\t<div class=\"elementor-element elementor-element-7ef6cf5 e-flex e-con-boxed elementor-invisible e-con e-parent\" data-id=\"7ef6cf5\" data-element_type=\"container\" id=\"merch\" data-settings=\"{&quot;animation&quot;:&quot;fadeInRight&quot;}\">\n\t\t\t\t\t<div class=\"e-con-inner\">\n\t\t<div class=\"elementor-element elementor-element-6fdb950 e-con-full e-flex e-con e-child\" data-id=\"6fdb950\" data-element_type=\"container\">\n\t\t\t\t<div class=\"elementor-element elementor-element-22c3126 elementor-widget elementor-widget-image\" data-id=\"22c3126\" data-element_type=\"widget\" data-widget_type=\"image.default\">\n\t\t\t\t\t\t\t\t\t\t\t\t\t\t\t<img loading=\"lazy\" decoding=\"async\" width=\"1500\" height=\"1000\" src=\"https:\/\/azorgrocery.frownworks.com\/wp-content\/uploads\/2025\/11\/3851.jpg\" class=\"attachment-full size-full wp-image-347\" alt=\"\" srcset=\"https:\/\/azorgrocery.frownworks.com\/wp-content\/uploads\/2025\/11\/3851.jpg 1500w, https:\/\/azorgrocery.frownworks.com\/wp-content\/uploads\/2025\/11\/3851-300x200.jpg 300w, https:\/\/azorgrocery.frownworks.com\/wp-content\/uploads\/2025\/11\/3851-1024x683.jpg 1024w, https:\/\/azorgrocery.frownworks.com\/wp-content\/uploads\/2025\/11\/3851-768x512.jpg 768w\" sizes=\"(max-width: 1500px) 100vw, 1500px\" \/>\t\t\t\t\t\t\t\t\t\t\t\t\t\t\t<\/div>\n\t\t\t\t<\/div>\n\t\t<div class=\"elementor-element elementor-element-256994d e-con-full e-flex e-con e-child\" data-id=\"256994d\" data-element_type=\"container\">\n\t\t\t\t<div class=\"elementor-element elementor-element-5d1d18b elementor-widget elementor-widget-heading\" data-id=\"5d1d18b\" data-element_type=\"widget\" data-widget_type=\"heading.default\">\n\t\t\t\t\t<h2 class=\"elementor-heading-title elementor-size-default\">Merchandise<\/h2>\t\t\t\t<\/div>\n\t\t\t\t<div class=\"elementor-element elementor-element-b5fda99 elementor-widget elementor-widget-text-editor\" data-id=\"b5fda99\" data-element_type=\"widget\" data-widget_type=\"text-editor.default\">\n\t\t\t\t\t\t\t\t\t<p>A line of branded products to take the islands' identity with you: t-shirts and tote bags, caps, mugs and reusable bottles, notebooks and stickers. Limited editions, clean design and durable materials \u2014 ideal for gifts or everyday use.<\/p>\t\t\t\t\t\t\t\t<\/div>\n\t\t\t\t<div class=\"elementor-element elementor-element-f42e5a4 elementor-widget elementor-widget-button\" data-id=\"f42e5a4\" data-element_type=\"widget\" data-widget_type=\"button.default\">\n\t\t\t\t\t\t\t\t\t\t<a class=\"elementor-button elementor-button-link elementor-size-sm\" href=\"\/en\/contactos\/\">\n\t\t\t\t\t\t<span class=\"elementor-button-content-wrapper\">\n\t\t\t\t\t\t\t\t\t<span class=\"elementor-button-text\">Contact us<\/span>\n\t\t\t\t\t<\/span>\n\t\t\t\t\t<\/a>\n\t\t\t\t\t\t\t\t<\/div>\n\t\t\t\t<\/div>\n\t\t\t\t\t<\/div>\n\t\t\t\t<\/div>\n\t\t\t\t<\/div>","protected":false},"excerpt":{"rendered":"<p>Produtos Produtos Regionais Curadoria \u201cMade in A\u00e7ores\u201d com origem garantida: queijos DOP, conservas de atum, compotas artesanais, bolachas tradicionais e vinhos licorosos. Selecionamos produtores locais com crit\u00e9rios de qualidade, frescura e autenticidade \u2014 para levar consigo o verdadeiro sabor das ilhas. Contacte-nos Garrafeira Sele\u00e7\u00e3o cuidada de vinhos dos A\u00e7ores e de Portugal, espumantes, licorosos e [&hellip;]<\/p>","protected":false},"author":1,"featured_media":0,"parent":0,"menu_order":0,"comment_status":"closed","ping_status":"closed","template":"","meta":{"footnotes":""},"class_list":["post-17","page","type-page","status-publish","hentry"],"_links":{"self":[{"href":"https:\/\/azorgrocery.frownworks.com\/en\/wp-json\/wp\/v2\/pages\/17","targetHints":{"allow":["GET"]}}],"collection":[{"href":"https:\/\/azorgrocery.frownworks.com\/en\/wp-json\/wp\/v2\/pages"}],"about":[{"href":"https:\/\/azorgrocery.frownworks.com\/en\/wp-json\/wp\/v2\/types\/page"}],"author":[{"embeddable":true,"href":"https:\/\/azorgrocery.frownworks.com\/en\/wp-json\/wp\/v2\/users\/1"}],"replies":[{"embeddable":true,"href":"https:\/\/azorgrocery.frownworks.com\/en\/wp-json\/wp\/v2\/comments?post=17"}],"version-history":[{"count":25,"href":"https:\/\/azorgrocery.frownworks.com\/en\/wp-json\/wp\/v2\/pages\/17\/revisions"}],"predecessor-version":[{"id":387,"href":"https:\/\/azorgrocery.frownworks.com\/en\/wp-json\/wp\/v2\/pages\/17\/revisions\/387"}],"wp:attachment":[{"href":"https:\/\/azorgrocery.frownworks.com\/en\/wp-json\/wp\/v2\/media?parent=17"}],"curies":[{"name":"wp","href":"https:\/\/api.w.org\/{rel}","templated":true}]}}